{"id":31,"date":"2015-06-03T00:38:36","date_gmt":"2015-06-02T22:38:36","guid":{"rendered":"http:\/\/buchzentrale.at\/?page_id=31"},"modified":"2019-01-15T15:11:33","modified_gmt":"2019-01-15T14:11:33","slug":"impressum","status":"publish","type":"page","link":"http:\/\/buchzentrale.com\/?page_id=31","title":{"rendered":"Impressum"},"content":{"rendered":"<p class=\"text\">BUCHZENTRALE Ges.m.b.H. in Liquidation<br \/>\nA-5010 Salzburg, Kapitelplatz 6<\/p>\n<p class=\"text\">Tel.: 0662\/842148, Fax: 0662\/842148-75<\/p>\n<p class=\"text\">Email: <a href=\"mailto:dombuchhandlung@buchzentrale.com\">dombuchhandlung@buchzentrale.com<\/a><\/p>\n<p class=\"text\">FN 61450 v, FB Gericht: 5020 Salzburg<\/p>\n<p class=\"text\">Zust\u00e4ndige Aufsichtsbeh\u00f6rde: Magistrat der Stadt Salzburg<br \/>\nFG Buch- und Medienwirtschaft: Buch- und Medienhandel Buch-, Kunst- und Musikalienverlag.<br \/>\nLG Elektro- und Einrichtungsfachhandel: Handel mit Bild- und Tontr\u00e4gern, Video- und Computerspielen.<br \/>\nLG Papier- und Spielwarenhandel: Einzelhandel mit Papier-, Schreibwaren und B\u00fcrobedarf, Gro\u00dfhandel mit Papier-, Schreibwaren und B\u00fcrobedarf.<\/p>\n<p class=\"text\">Etwaige spezielle berufsrechtliche Vorschriften finden Sie auf der Website der Fachgruppe bzw. im Rechtsinformationssystem des Bundes.<\/p>\n<p class=\"text\">UID: ATU 33844702<\/p>\n<hr \/>\n<h3>Datenschutz und Sicherheit<\/h3>\n<p>Verantwortliche Stelle: Buchzentrale GmbH<\/p>\n<p>Kapitelplatz 6, 5020 Salzburg<br \/>\nTel. +43 (0)662 842148<br \/>\nE-Mail: <a href=\"mailto:dombuchhandlung@buchzentrale.com\">dombuchhandlung@buchzentrale.com<\/a><\/p>\n<p>Die Sicherheit und streng vertrauliche Behandlung der Kundendaten steht f\u00fcr die Verk\u00e4uferin an erster Stelle. Zum Schutz der Kundendaten werden ausschlie\u00dflich modernste Sicherheitsstandards verwendet.<\/p>\n<p>Beim Besuch der Website der Verk\u00e4uferin werden keine personenbezogenen Daten ohne die Einwilligung des Kunden erhoben, so weit dies nicht f\u00fcr die Bereitstellung der Seite erforderlich oder anderweitig gesetzlich zugelassen ist.<\/p>\n<p>Auf allen Seiten des Online-Shops, auf denen pers\u00f6nliche Kundendaten eingeben werden, kommt eine SSL-Verschl\u00fcsselung zum Einsatz. Die Kundendaten werden direkt bei der \u00dcbertragung verschl\u00fcsselt. Alle datenschutzrelevanten Informationen (wie Kreditkartennummer, Bankleitzahl, Bankkontonummer, Name und Adresse) werden in verschl\u00fcsselter Form in einer gesch\u00fctzten Datenbank abgelegt. Zum Aufrechterhalten der SSL-gesch\u00fctzten Verbindung werden Cookies eingesetzt.<br \/>\nBei der Anlage eines Kundenkontos sowie bei einer Bestellung werden von der Verk\u00e4uferin die vom Kunden eingegebenen Daten gespeichert. Diese sind insbesondere Informationen \u00fcber die bestellte Ware (zB ISBN und Titel) und Liefer- und Bestelladressen (enthalten sind hier z.B. Name, Vorname, Stra\u00dfe, Hausnummer, Ort, PLZ), sofern vom Kunden gew\u00fcnscht Kreditkarten- und Bankverbindungsdaten sowie seine E-Mail-Adresse. Die vorgenannten Informationen werden gespeichert, um dem Kunden seinen n\u00e4chsten Einkauf so einfach wie m\u00f6glich zu gestalten und ihm interessante Angebote zu unterbreiten sowie ihm auf Wunsch einen Newsletter zuzusenden.<\/p>\n<p>Der Kunde kann der Verwendung seiner Daten f\u00fcr Werbezwecke und f\u00fcr den Newsletter-Versand jederzeit in seinem Kundenkonto oder durch Mitteilung an den Verk\u00e4ufer widersprechen und etwa erteilte Einwilligungen widerrufen.<\/p>\n<p>Zur Abwicklung der Bestellung werden die Daten soweit erforderlich an Dritte f\u00fcr die Abwicklung der Bestellung weitergegeben. Hierzu geh\u00f6ren z.B. Logistikunternehmen, die f\u00fcr die Verk\u00e4uferin den Versand der Ware \u00fcbernehmen und Zahlungsdienstleister.<\/p>\n<p><strong>Google Analytics<\/strong><\/p>\n<p>Diese Website benutzt Google Analytics, einen Webanalysedienst der Google Inc., USA (&#8222;Google&#8220;). Google Analytics verwendet so genannte &#8222;Cookies&#8220;, Textdateien, die auf dem Computer des Kunden gespeichert werden und die eine Analyse der Benutzung der Website durch den Kunden erm\u00f6glichen. Die durch den Cookie erzeugten Informationen \u00fcber die Benutzung dieser Website (einschlie\u00dflich der IP-Adresse des Kunden) werden an einen Server von Google in die USA \u00fcbertragen und dort gespeichert. Google wird diese Informationen benutzen, um Nutzung der Website durch den Kunden auszuwerten, um Reports \u00fcber die Websiteaktivit\u00e4ten f\u00fcr die Websitebetreiber zusammenzustellen und um weitere mit der Websitenutzung und der Internetnutzung verbundene Dienstleistungen zu erbringen. Auch wird Google diese Informationen gegebenenfalls an Dritte \u00fcbertragen, sofern dies gesetzlich vorgeschrieben oder soweit Dritte diese Daten im Auftrag von Google verarbeiten. Google wird in keinem Fall die IP-Adresse des Kunden mit anderen Daten von Google in Verbindung bringen. Der Kunde kann die Installation der Cookies durch eine entsprechende Einstellung seiner Browser Software verhindern; wir weisen die Kunden jedoch darauf hin, dass in diesem Fall gegebenenfalls nicht s\u00e4mtliche Funktionen dieser Website vollumf\u00e4nglich genutzt werden\u00a0 k\u00f6nnen. Durch die Nutzung dieser Website erkl\u00e4rt sich der Kunde mit der Bearbeitung der \u00fcber ihn erhobenen Daten durch Google in der zuvor beschriebenen Art und Weise und zu dem zuvor benannten Zweck einverstanden. Der Datenerhebung und -speicherung kann jederzeit mit Wirkung f\u00fcr die Zukunft widersprochen werden. Angesichts der Diskussion um den Einsatz von Analysetools mit vollst\u00e4ndigen IP-Adressen wird darauf hinweisen, dass diese Website Google Analytics mit der Erweiterung &#8222;_anonymizeIp()&#8220; verwendet und daher IP-Adressen nur gek\u00fcrzt weiterverarbeitet werden, um eine direkte Personenbeziehbarkeit auszuschlie\u00dfen.&#8220;<\/p>\n<p><strong>Soziale Netzwerke<\/strong> (Facebook, Google+ et al.)<\/p>\n<p>Wenn der Kunde auf der Website des Verk\u00e4ufers die Empfehlungsschaltfl\u00e4che (Button) von Facebook aktiviert, werden Informationen (u.a. IP-Adresse und Cookie-ID) an den Anbieter von Facebook in die USA \u00fcbertragen und unter Umst\u00e4nden auch dort gespeichert und verwendet. F\u00fcr diese Speicherung und Verwendung, die auch das Setzen von Cookies durch den Anbieter des jeweiligen sozialen Netzwerks umfassen kann, ist der Verk\u00e4ufer nicht verantwortlich. Weitere Informationen \u00fcber die genauen Datenverarbeitungsvorg\u00e4nge, Speicherfristen und Verarbeitungszwecke erh\u00e4lt der Kunde ggf. direkt beim Anbieter des jeweiligen sozialen Netzwerkes. Die Einwilligung in die weitere Daten\u00fcbertragung kann der Kunde jederzeit durch Deaktivierung des zum jeweiligen sozialen Netzwerk geh\u00f6renden Buttons mit Wirkung f\u00fcr die Zukunft widerrufen.<\/p>\n<p>Dar\u00fcber hinaus werden personenbezogene Daten nur an Dritte weitergegeben, sofern die Verk\u00e4uferin gesetzlich dazu verpflichtet ist oder eine gesetzliche Vorschrift dies ausdr\u00fccklich gestattet.<\/p>\n<p>Seitendesign:<\/p>\n<p>Fruitful theme by <a href=\"http:\/\/fruitfulcode.com\">fruitfulcode<\/a> Powered by: <a href=\"http:\/\/wordpress.org\">WordPress<\/a><\/p>\n","protected":false},"excerpt":{"rendered":"<p>BUCHZENTRALE Ges.m.b.H. in Liquidation A-5010 Salzburg, Kapitelplatz 6 Tel.: 0662\/842148, Fax: 0662\/842148-75 Email: dombuchhandlung@buchzentrale.com FN 61450 v, FB Gericht: 5020 Salzburg Zust\u00e4ndige Aufsichtsbeh\u00f6rde: Magistrat der Stadt Salzburg FG Buch- und Medienwirtschaft: Buch- und Medienhandel Buch-, Kunst- und Musikalienverlag. LG Elektro- und Einrichtungsfachhandel: Handel mit Bild- und Tontr\u00e4gern, Video- und Computerspielen. LG Papier- und Spielwarenhandel: Einzelhandel [&hellip;]<\/p>\n","protected":false},"author":1,"featured_media":0,"parent":0,"menu_order":0,"comment_status":"closed","ping_status":"closed","template":"","meta":[],"_links":{"self":[{"href":"http:\/\/buchzentrale.com\/index.php?rest_route=\/wp\/v2\/pages\/31"}],"collection":[{"href":"http:\/\/buchzentrale.com\/index.php?rest_route=\/wp\/v2\/pages"}],"about":[{"href":"http:\/\/buchzentrale.com\/index.php?rest_route=\/wp\/v2\/types\/page"}],"author":[{"embeddable":true,"href":"http:\/\/buchzentrale.com\/index.php?rest_route=\/wp\/v2\/users\/1"}],"replies":[{"embeddable":true,"href":"http:\/\/buchzentrale.com\/index.php?rest_route=%2Fwp%2Fv2%2Fcomments&post=31"}],"version-history":[{"count":13,"href":"http:\/\/buchzentrale.com\/index.php?rest_route=\/wp\/v2\/pages\/31\/revisions"}],"predecessor-version":[{"id":762,"href":"http:\/\/buchzentrale.com\/index.php?rest_route=\/wp\/v2\/pages\/31\/revisions\/762"}],"wp:attachment":[{"href":"http:\/\/buchzentrale.com\/index.php?rest_route=%2Fwp%2Fv2%2Fmedia&parent=31"}],"curies":[{"name":"wp","href":"https:\/\/api.w.org\/{rel}","templated":true}]}}